{"id":1831,"date":"2025-09-04T13:45:40","date_gmt":"2025-09-04T11:45:40","guid":{"rendered":"https:\/\/tritonlures.pl\/?post_type=product&#038;p=1831"},"modified":"2025-12-23T10:46:37","modified_gmt":"2025-12-23T09:46:37","slug":"triton-spike-12cm","status":"publish","type":"product","link":"https:\/\/tritonlures.pl\/en\/product\/triton-spike-12cm\/","title":{"rendered":"TRITON SPIKE 12cm"},"content":{"rendered":"<h4><strong data-start=\"108\" data-end=\"145\">TRITON SPIKE<\/strong><\/h4>\n<h4>A stainless steel lure designed for targeting the largest predators. Its larger size and robust construction make it ideal not only for catfish fishing but also as a saltwater lure for big predatory fish. <strong data-start=\"327\" data-end=\"365\">po\u0142owu sum\u00f3w<\/strong>, jak i jako <strong data-start=\"378\" data-end=\"397\">przyn\u0119ta morska<\/strong> na du\u017ce ryby.<\/h4>\n<h4>Most effective for: catfish, as well as various predatory species in saltwater conditions.<\/h4>\n<p>&nbsp;<\/p>\n<h4 data-start=\"540\" data-end=\"559\"><strong data-start=\"540\" data-end=\"559\">Product features:<\/strong><\/h4>\n<ul data-start=\"560\" data-end=\"783\">\n<li data-start=\"560\" data-end=\"578\">\n<h4 data-start=\"562\" data-end=\"578\">Length: 12 cm<\/h4>\n<\/li>\n<li data-start=\"560\" data-end=\"578\">\n<h4>Weight: 49 g<\/h4>\n<\/li>\n<li data-start=\"579\" data-end=\"624\">\n<h4 data-start=\"581\" data-end=\"624\">Damage- and corrosion-resistant stainless steel<\/h4>\n<\/li>\n<li data-start=\"625\" data-end=\"684\">\n<h4 data-start=\"627\" data-end=\"684\">Realistic shape and lifelike swimming action<\/h4>\n<\/li>\n<li data-start=\"685\" data-end=\"737\">\n<h4 data-start=\"687\" data-end=\"737\">Perfect for catfish and saltwater fishing.<\/h4>\n<\/li>\n<li data-start=\"685\" data-end=\"737\">\n<h4 data-start=\"721\" data-end=\"770\">Customizable eye color \u2013 choose from green, brown, or silver (specify in the order notes)<\/h4>\n<\/li>\n<\/ul>\n<h4 data-start=\"785\" data-end=\"847\">Catch big fish with the TRITON Spike!<\/h4>","protected":false},"excerpt":{"rendered":"<p>Przyn\u0119ta TRITON SPIKE Przyn\u0119ta wykonana ze stali nierdzewnej, stworzona z my\u015bl\u0105 o po\u0142owie najwi\u0119kszych drapie\u017cnik\u00f3w. Jej wi\u0119kszy rozmiar i mocna konstrukcja sprawiaj\u0105, \u017ce \u015bwietnie sprawdza si\u0119 zar\u00f3wno podczas po\u0142owu sum\u00f3w, jak i jako przyn\u0119ta morska na du\u017ce ryby. Najwi\u0119ksz\u0105 skuteczno\u015b\u0107 wykazuje w po\u0142owie: sum\u00f3w, a tak\u017ce w warunkach morskich na gatunki drapie\u017cne. &nbsp; Cechy produktu: [&hellip;]<\/p>","protected":false},"featured_media":1823,"comment_status":"open","ping_status":"closed","template":"","meta":{"site-sidebar-layout":"default","site-content-layout":"","ast-site-content-layout":"default","site-content-style":"default","site-sidebar-style":"default","ast-global-header-display":"","ast-banner-title-visibility":"","ast-main-header-display":"","ast-hfb-above-header-display":"","ast-hfb-below-header-display":"","ast-hfb-mobile-header-display":"","site-post-title":"","ast-breadcrumbs-content":"","ast-featured-img":"","footer-sml-layout":"","theme-transparent-header-meta":"default","adv-header-id-meta":"","stick-header-meta":"","header-above-stick-meta":"","header-main-stick-meta":"","header-below-stick-meta":"","astra-migrate-meta-layouts":"set","ast-page-background-enabled":"default","ast-page-background-meta":{"desktop":{"background-color":"var(--ast-global-color-4)","background-image":"","background-repeat":"repeat","background-position":"center center","background-size":"auto","background-attachment":"scroll","background-type":"","background-media":"","overlay-type":"","overlay-color":"","overlay-opacity":"","overlay-gradient":""},"tablet":{"background-color":"","background-image":"","background-repeat":"repeat","background-position":"center center","background-size":"auto","background-attachment":"scroll","background-type":"","background-media":"","overlay-type":"","overlay-color":"","overlay-opacity":"","overlay-gradient":""},"mobile":{"background-color":"","background-image":"","background-repeat":"repeat","background-position":"center center","background-size":"auto","background-attachment":"scroll","background-type":"","background-media":"","overlay-type":"","overlay-color":"","overlay-opacity":"","overlay-gradient":""}},"ast-content-background-meta":{"desktop":{"background-color":"var(--ast-global-color-5)","background-image":"","background-repeat":"repeat","background-position":"center center","background-size":"auto","background-attachment":"scroll","background-type":"","background-media":"","overlay-type":"","overlay-color":"","overlay-opacity":"","overlay-gradient":""},"tablet":{"background-color":"var(--ast-global-color-5)","background-image":"","background-repeat":"repeat","background-position":"center center","background-size":"auto","background-attachment":"scroll","background-type":"","background-media":"","overlay-type":"","overlay-color":"","overlay-opacity":"","overlay-gradient":""},"mobile":{"background-color":"var(--ast-global-color-5)","background-image":"","background-repeat":"repeat","background-position":"center center","background-size":"auto","background-attachment":"scroll","background-type":"","background-media":"","overlay-type":"","overlay-color":"","overlay-opacity":"","overlay-gradient":""}}},"product_brand":[],"product_cat":[15],"product_tag":[],"class_list":{"0":"post-1831","1":"product","2":"type-product","3":"status-publish","4":"has-post-thumbnail","6":"product_cat-przynety","7":"desktop-align-left","8":"tablet-align-left","9":"mobile-align-left","11":"first","12":"instock","13":"shipping-taxable","14":"purchasable","15":"product-type-simple"},"_links":{"self":[{"href":"https:\/\/tritonlures.pl\/en\/wp-json\/wp\/v2\/product\/1831","targetHints":{"allow":["GET"]}}],"collection":[{"href":"https:\/\/tritonlures.pl\/en\/wp-json\/wp\/v2\/product"}],"about":[{"href":"https:\/\/tritonlures.pl\/en\/wp-json\/wp\/v2\/types\/product"}],"replies":[{"embeddable":true,"href":"https:\/\/tritonlures.pl\/en\/wp-json\/wp\/v2\/comments?post=1831"}],"version-history":[{"count":2,"href":"https:\/\/tritonlures.pl\/en\/wp-json\/wp\/v2\/product\/1831\/revisions"}],"predecessor-version":[{"id":1833,"href":"https:\/\/tritonlures.pl\/en\/wp-json\/wp\/v2\/product\/1831\/revisions\/1833"}],"wp:featuredmedia":[{"embeddable":true,"href":"https:\/\/tritonlures.pl\/en\/wp-json\/wp\/v2\/media\/1823"}],"wp:attachment":[{"href":"https:\/\/tritonlures.pl\/en\/wp-json\/wp\/v2\/media?parent=1831"}],"wp:term":[{"taxonomy":"product_brand","embeddable":true,"href":"https:\/\/tritonlures.pl\/en\/wp-json\/wp\/v2\/product_brand?post=1831"},{"taxonomy":"product_cat","embeddable":true,"href":"https:\/\/tritonlures.pl\/en\/wp-json\/wp\/v2\/product_cat?post=1831"},{"taxonomy":"product_tag","embeddable":true,"href":"https:\/\/tritonlures.pl\/en\/wp-json\/wp\/v2\/product_tag?post=1831"}],"curies":[{"name":"wp","href":"https:\/\/api.w.org\/{rel}","templated":true}]}}