{"id":1819,"date":"2025-09-04T13:39:48","date_gmt":"2025-09-04T11:39:48","guid":{"rendered":"https:\/\/tritonlures.pl\/?post_type=product&#038;p=1819"},"modified":"2025-12-23T10:46:45","modified_gmt":"2025-12-23T09:46:45","slug":"przyneta-triton-spike-10cm","status":"publish","type":"product","link":"https:\/\/tritonlures.pl\/en\/product\/przyneta-triton-spike-10cm\/","title":{"rendered":"TRITON SPIKE 10cm"},"content":{"rendered":"<h4><strong data-start=\"108\" data-end=\"145\">Przyn\u0119ta TRITON SPIKE 10cm<\/strong><\/h4>\n<h4>A stainless steel lure. Its larger size ensures effectiveness when targeting bigger fish species.<br \/>\nMost effective for: pike and catfish.<\/h4>\n<p>&nbsp;<\/p>\n<h4 data-start=\"540\" data-end=\"559\"><strong data-start=\"540\" data-end=\"559\">Product features:<\/strong><\/h4>\n<ul data-start=\"560\" data-end=\"783\">\n<li data-start=\"560\" data-end=\"578\">\n<h4 data-start=\"562\" data-end=\"578\">Length: 10 cm<\/h4>\n<\/li>\n<li data-start=\"560\" data-end=\"578\">\n<h4>Weight: 40 g<\/h4>\n<\/li>\n<li data-start=\"579\" data-end=\"624\">\n<h4 data-start=\"581\" data-end=\"624\">Damage- and corrosion-resistant stainless steel<\/h4>\n<\/li>\n<li data-start=\"625\" data-end=\"684\">\n<h4 data-start=\"627\" data-end=\"684\">Realistic shape and lifelike swimming action<\/h4>\n<\/li>\n<li data-start=\"685\" data-end=\"737\">\n<h4 data-start=\"687\" data-end=\"737\">Perfect for catfish fishing<\/h4>\n<\/li>\n<li data-start=\"685\" data-end=\"737\">\n<h4 data-start=\"721\" data-end=\"770\">Customizable eye color \u2013 choose from green, brown, or silver (specify in the order notes)<\/h4>\n<\/li>\n<\/ul>\n<h4 data-start=\"785\" data-end=\"847\">Catch big fish with the TRITON Spike!<\/h4>","protected":false},"excerpt":{"rendered":"<p>Przyn\u0119ta TRITON SPIKE 10cm Przyn\u0119ta wykonana ze stali nierdzewnej. Wi\u0119kszy rozmiar zapewnia skuteczno\u015b\u0107 w po\u0142owie wi\u0119kszych gatunk\u00f3w ryb. Najwi\u0119ksz\u0105 skuteczno\u015b\u0107 wykazuje w po\u0142owie ryb takich jak \u2013 szczupaki, sumy. &nbsp; Cechy produktu: D\u0142ugo\u015b\u0107: 10 cm Waga: 40 g Materia\u0142 odporny na uszkodzenia i korozj\u0119 \u2013 stal nierdzewna Realistyczny kszta\u0142t i ruch imituj\u0105cy ryb\u0119 Idealna do [&hellip;]<\/p>","protected":false},"featured_media":1820,"comment_status":"open","ping_status":"closed","template":"","meta":{"site-sidebar-layout":"default","site-content-layout":"","ast-site-content-layout":"default","site-content-style":"default","site-sidebar-style":"default","ast-global-header-display":"","ast-banner-title-visibility":"","ast-main-header-display":"","ast-hfb-above-header-display":"","ast-hfb-below-header-display":"","ast-hfb-mobile-header-display":"","site-post-title":"","ast-breadcrumbs-content":"","ast-featured-img":"","footer-sml-layout":"","theme-transparent-header-meta":"default","adv-header-id-meta":"","stick-header-meta":"","header-above-stick-meta":"","header-main-stick-meta":"","header-below-stick-meta":"","astra-migrate-meta-layouts":"set","ast-page-background-enabled":"default","ast-page-background-meta":{"desktop":{"background-color":"var(--ast-global-color-4)","background-image":"","background-repeat":"repeat","background-position":"center center","background-size":"auto","background-attachment":"scroll","background-type":"","background-media":"","overlay-type":"","overlay-color":"","overlay-opacity":"","overlay-gradient":""},"tablet":{"background-color":"","background-image":"","background-repeat":"repeat","background-position":"center center","background-size":"auto","background-attachment":"scroll","background-type":"","background-media":"","overlay-type":"","overlay-color":"","overlay-opacity":"","overlay-gradient":""},"mobile":{"background-color":"","background-image":"","background-repeat":"repeat","background-position":"center center","background-size":"auto","background-attachment":"scroll","background-type":"","background-media":"","overlay-type":"","overlay-color":"","overlay-opacity":"","overlay-gradient":""}},"ast-content-background-meta":{"desktop":{"background-color":"var(--ast-global-color-5)","background-image":"","background-repeat":"repeat","background-position":"center center","background-size":"auto","background-attachment":"scroll","background-type":"","background-media":"","overlay-type":"","overlay-color":"","overlay-opacity":"","overlay-gradient":""},"tablet":{"background-color":"var(--ast-global-color-5)","background-image":"","background-repeat":"repeat","background-position":"center center","background-size":"auto","background-attachment":"scroll","background-type":"","background-media":"","overlay-type":"","overlay-color":"","overlay-opacity":"","overlay-gradient":""},"mobile":{"background-color":"var(--ast-global-color-5)","background-image":"","background-repeat":"repeat","background-position":"center center","background-size":"auto","background-attachment":"scroll","background-type":"","background-media":"","overlay-type":"","overlay-color":"","overlay-opacity":"","overlay-gradient":""}}},"product_brand":[],"product_cat":[15],"product_tag":[],"class_list":{"0":"post-1819","1":"product","2":"type-product","3":"status-publish","4":"has-post-thumbnail","6":"product_cat-przynety","7":"desktop-align-left","8":"tablet-align-left","9":"mobile-align-left","11":"first","12":"instock","13":"shipping-taxable","14":"purchasable","15":"product-type-simple"},"_links":{"self":[{"href":"https:\/\/tritonlures.pl\/en\/wp-json\/wp\/v2\/product\/1819","targetHints":{"allow":["GET"]}}],"collection":[{"href":"https:\/\/tritonlures.pl\/en\/wp-json\/wp\/v2\/product"}],"about":[{"href":"https:\/\/tritonlures.pl\/en\/wp-json\/wp\/v2\/types\/product"}],"replies":[{"embeddable":true,"href":"https:\/\/tritonlures.pl\/en\/wp-json\/wp\/v2\/comments?post=1819"}],"version-history":[{"count":4,"href":"https:\/\/tritonlures.pl\/en\/wp-json\/wp\/v2\/product\/1819\/revisions"}],"predecessor-version":[{"id":1830,"href":"https:\/\/tritonlures.pl\/en\/wp-json\/wp\/v2\/product\/1819\/revisions\/1830"}],"wp:featuredmedia":[{"embeddable":true,"href":"https:\/\/tritonlures.pl\/en\/wp-json\/wp\/v2\/media\/1820"}],"wp:attachment":[{"href":"https:\/\/tritonlures.pl\/en\/wp-json\/wp\/v2\/media?parent=1819"}],"wp:term":[{"taxonomy":"product_brand","embeddable":true,"href":"https:\/\/tritonlures.pl\/en\/wp-json\/wp\/v2\/product_brand?post=1819"},{"taxonomy":"product_cat","embeddable":true,"href":"https:\/\/tritonlures.pl\/en\/wp-json\/wp\/v2\/product_cat?post=1819"},{"taxonomy":"product_tag","embeddable":true,"href":"https:\/\/tritonlures.pl\/en\/wp-json\/wp\/v2\/product_tag?post=1819"}],"curies":[{"name":"wp","href":"https:\/\/api.w.org\/{rel}","templated":true}]}}