{"id":1801,"date":"2025-09-02T20:28:04","date_gmt":"2025-09-02T18:28:04","guid":{"rendered":"https:\/\/tritonlures.pl\/?post_type=product&#038;p=1801"},"modified":"2025-12-23T10:46:52","modified_gmt":"2025-12-23T09:46:52","slug":"przyneta-triton-spike-big-eye-6cm","status":"publish","type":"product","link":"https:\/\/tritonlures.pl\/en\/product\/przyneta-triton-spike-big-eye-6cm\/","title":{"rendered":"TRITON SPIKE BIG EYE 6cm"},"content":{"rendered":"<h4 data-start=\"110\" data-end=\"451\"><strong data-start=\"110\" data-end=\"139\">TRITON SPIKE BIG EYE 6cm<\/strong><\/h4>\n<h4>A stainless steel lure with a versatile action that makes it effective for catching most predatory fish.<br \/>\nModel <strong data-start=\"365\" data-end=\"385\">BIG EYE<\/strong> stands out with its <strong data-start=\"399\" data-end=\"433\">distinctive oversized eye<\/strong>acting as an additional trigger for predators. <strong data-start=\"505\" data-end=\"542\">Available in three color variations,<\/strong> it allows you to match the lure to the conditions and fish preferences, giving you a greater chance of success on the water.<br \/>\n<strong data-start=\"453\" data-end=\"499\">Best for targeting:<\/strong> pike, zander and perch<\/h4>\n<h4 data-start=\"540\" data-end=\"561\"><strong data-start=\"540\" data-end=\"559\">Product features:<\/strong><\/h4>\n<ul data-start=\"562\" data-end=\"816\">\n<li data-start=\"562\" data-end=\"579\">\n<h4 data-start=\"564\" data-end=\"579\">Length: 6 cm<\/h4>\n<\/li>\n<li data-start=\"580\" data-end=\"594\">\n<h4 data-start=\"582\" data-end=\"594\">Weight: 12 g<\/h4>\n<\/li>\n<li data-start=\"595\" data-end=\"658\">\n<h4 data-start=\"597\" data-end=\"658\">Damage- and corrosion-resistant stainless steel<\/h4>\n<\/li>\n<li data-start=\"659\" data-end=\"718\">\n<h4 data-start=\"661\" data-end=\"718\">Realistic shape and lifelike swimming action<\/h4>\n<\/li>\n<li data-start=\"719\" data-end=\"770\">\n<h4 data-start=\"721\" data-end=\"770\"><strong data-start=\"721\" data-end=\"768\">Oversized eye for increased attraction \u2013 available in green, brown, and silver<\/strong><\/h4>\n<\/li>\n<li data-start=\"771\" data-end=\"816\">\n<h4 data-start=\"773\" data-end=\"816\">Perfect choice for pike and zander fishing<\/h4>\n<\/li>\n<\/ul>\n<h4 data-start=\"818\" data-end=\"891\">Pick your color in the comments and match the lure to your fishing spot!<\/h4>","protected":false},"excerpt":{"rendered":"<p>Przyn\u0119ta TRITON SPIKE BIG EYE 6cm Przyn\u0119ta wykonana ze stali nierdzewnej. Uniwersalna praca zapewnia skuteczno\u015b\u0107 w po\u0142owie wi\u0119kszo\u015bci gatunk\u00f3w ryb drapie\u017cnych. Model BIG EYE wyr\u00f3\u017cnia si\u0119 charakterystycznym du\u017cym okiem, kt\u00f3re dzia\u0142a jak dodatkowy wabik na drapie\u017cniki. Dzi\u0119ki dost\u0119pno\u015bci w trzech wariantach kolorystycznych mo\u017cesz \u0142atwo dopasowa\u0107 przyn\u0119t\u0119 do warunk\u00f3w \u0142owiska i preferencji ryb, zwi\u0119kszaj\u0105c tym samym [&hellip;]<\/p>","protected":false},"featured_media":1803,"comment_status":"open","ping_status":"closed","template":"","meta":{"site-sidebar-layout":"default","site-content-layout":"","ast-site-content-layout":"default","site-content-style":"default","site-sidebar-style":"default","ast-global-header-display":"","ast-banner-title-visibility":"","ast-main-header-display":"","ast-hfb-above-header-display":"","ast-hfb-below-header-display":"","ast-hfb-mobile-header-display":"","site-post-title":"","ast-breadcrumbs-content":"","ast-featured-img":"","footer-sml-layout":"","theme-transparent-header-meta":"default","adv-header-id-meta":"","stick-header-meta":"","header-above-stick-meta":"","header-main-stick-meta":"","header-below-stick-meta":"","astra-migrate-meta-layouts":"set","ast-page-background-enabled":"default","ast-page-background-meta":{"desktop":{"background-color":"var(--ast-global-color-4)","background-image":"","background-repeat":"repeat","background-position":"center center","background-size":"auto","background-attachment":"scroll","background-type":"","background-media":"","overlay-type":"","overlay-color":"","overlay-opacity":"","overlay-gradient":""},"tablet":{"background-color":"","background-image":"","background-repeat":"repeat","background-position":"center center","background-size":"auto","background-attachment":"scroll","background-type":"","background-media":"","overlay-type":"","overlay-color":"","overlay-opacity":"","overlay-gradient":""},"mobile":{"background-color":"","background-image":"","background-repeat":"repeat","background-position":"center center","background-size":"auto","background-attachment":"scroll","background-type":"","background-media":"","overlay-type":"","overlay-color":"","overlay-opacity":"","overlay-gradient":""}},"ast-content-background-meta":{"desktop":{"background-color":"var(--ast-global-color-5)","background-image":"","background-repeat":"repeat","background-position":"center center","background-size":"auto","background-attachment":"scroll","background-type":"","background-media":"","overlay-type":"","overlay-color":"","overlay-opacity":"","overlay-gradient":""},"tablet":{"background-color":"var(--ast-global-color-5)","background-image":"","background-repeat":"repeat","background-position":"center center","background-size":"auto","background-attachment":"scroll","background-type":"","background-media":"","overlay-type":"","overlay-color":"","overlay-opacity":"","overlay-gradient":""},"mobile":{"background-color":"var(--ast-global-color-5)","background-image":"","background-repeat":"repeat","background-position":"center center","background-size":"auto","background-attachment":"scroll","background-type":"","background-media":"","overlay-type":"","overlay-color":"","overlay-opacity":"","overlay-gradient":""}}},"product_brand":[],"product_cat":[15],"product_tag":[],"class_list":{"0":"post-1801","1":"product","2":"type-product","3":"status-publish","4":"has-post-thumbnail","6":"product_cat-przynety","7":"desktop-align-left","8":"tablet-align-left","9":"mobile-align-left","11":"first","12":"instock","13":"shipping-taxable","14":"purchasable","15":"product-type-simple"},"_links":{"self":[{"href":"https:\/\/tritonlures.pl\/en\/wp-json\/wp\/v2\/product\/1801","targetHints":{"allow":["GET"]}}],"collection":[{"href":"https:\/\/tritonlures.pl\/en\/wp-json\/wp\/v2\/product"}],"about":[{"href":"https:\/\/tritonlures.pl\/en\/wp-json\/wp\/v2\/types\/product"}],"replies":[{"embeddable":true,"href":"https:\/\/tritonlures.pl\/en\/wp-json\/wp\/v2\/comments?post=1801"}],"version-history":[{"count":3,"href":"https:\/\/tritonlures.pl\/en\/wp-json\/wp\/v2\/product\/1801\/revisions"}],"predecessor-version":[{"id":1818,"href":"https:\/\/tritonlures.pl\/en\/wp-json\/wp\/v2\/product\/1801\/revisions\/1818"}],"wp:featuredmedia":[{"embeddable":true,"href":"https:\/\/tritonlures.pl\/en\/wp-json\/wp\/v2\/media\/1803"}],"wp:attachment":[{"href":"https:\/\/tritonlures.pl\/en\/wp-json\/wp\/v2\/media?parent=1801"}],"wp:term":[{"taxonomy":"product_brand","embeddable":true,"href":"https:\/\/tritonlures.pl\/en\/wp-json\/wp\/v2\/product_brand?post=1801"},{"taxonomy":"product_cat","embeddable":true,"href":"https:\/\/tritonlures.pl\/en\/wp-json\/wp\/v2\/product_cat?post=1801"},{"taxonomy":"product_tag","embeddable":true,"href":"https:\/\/tritonlures.pl\/en\/wp-json\/wp\/v2\/product_tag?post=1801"}],"curies":[{"name":"wp","href":"https:\/\/api.w.org\/{rel}","templated":true}]}}