{"id":1599,"date":"2025-07-10T12:13:39","date_gmt":"2025-07-10T10:13:39","guid":{"rendered":"https:\/\/tritonlures.pl\/?post_type=product&#038;p=1599"},"modified":"2025-12-23T10:46:59","modified_gmt":"2025-12-23T09:46:59","slug":"przyneta-triton-luma-4cm","status":"publish","type":"product","link":"https:\/\/tritonlures.pl\/en\/product\/przyneta-triton-luma-4cm\/","title":{"rendered":"TRITON LUMA 4cm"},"content":{"rendered":"<h4 data-start=\"108\" data-end=\"145\"><strong data-start=\"108\" data-end=\"145\">TRITON LUMA<\/strong><\/h4>\n<h4 data-start=\"147\" data-end=\"538\">A lure crafted from stainless steel. With its fast action in the water, it perfectly mimics small baitfish.<br \/>\nIts effectiveness shines when targeting perch, trout, chub, and ide.<\/h4>\n<p>&nbsp;<\/p>\n<h4 data-start=\"540\" data-end=\"559\"><strong data-start=\"540\" data-end=\"559\">Product features:<\/strong><\/h4>\n<ul>\n<li data-start=\"562\" data-end=\"578\">\n<h4>Length: 4 cm<\/h4>\n<\/li>\n<li>\n<h4>Weight: 5 g<\/h4>\n<\/li>\n<li data-start=\"581\" data-end=\"624\">\n<h4>Damage- and corrosion-resistant stainless steel<\/h4>\n<\/li>\n<li data-start=\"627\" data-end=\"684\">\n<h4>Realistic shape and lifelike swimming action<\/h4>\n<\/li>\n<li data-start=\"687\" data-end=\"737\">\n<h4>Perfect for trout and perch fishing<\/h4>\n<\/li>\n<li data-start=\"740\" data-end=\"783\">\n<h4>Easy to attach to any setup<\/h4>\n<\/li>\n<\/ul>\n<h4 data-start=\"785\" data-end=\"847\">Boost your fishing success with the TRITON Luma!<\/h4>","protected":false},"excerpt":{"rendered":"<p>Przyn\u0119ta TRITON LUMA Przyn\u0119ta wykonana ze stali nierdzewnej. Dzi\u0119ki szybkiej pracy w wodzie idealnie imituje ma\u0142e ryby. Najwi\u0119ksz\u0105 skuteczno\u015b\u0107 wykazuje w po\u0142owie ryb takich jak &#8211; okonie, pstr\u0105gi, klenie i jazie. &nbsp; Cechy produktu: D\u0142ugo\u015b\u0107: 4 cm Waga: 5 g Materia\u0142 odporny na uszkodzenia i korozj\u0119 &#8211; stal nierdzewna Realistyczny kszta\u0142t i ruch imituj\u0105cy naturaln\u0105 [&hellip;]<\/p>","protected":false},"featured_media":1714,"comment_status":"open","ping_status":"closed","template":"","meta":{"site-sidebar-layout":"default","site-content-layout":"","ast-site-content-layout":"default","site-content-style":"default","site-sidebar-style":"default","ast-global-header-display":"","ast-banner-title-visibility":"","ast-main-header-display":"","ast-hfb-above-header-display":"","ast-hfb-below-header-display":"","ast-hfb-mobile-header-display":"","site-post-title":"","ast-breadcrumbs-content":"","ast-featured-img":"","footer-sml-layout":"","theme-transparent-header-meta":"default","adv-header-id-meta":"","stick-header-meta":"","header-above-stick-meta":"","header-main-stick-meta":"","header-below-stick-meta":"","astra-migrate-meta-layouts":"set","ast-page-background-enabled":"default","ast-page-background-meta":{"desktop":{"background-color":"var(--ast-global-color-4)","background-image":"","background-repeat":"repeat","background-position":"center center","background-size":"auto","background-attachment":"scroll","background-type":"","background-media":"","overlay-type":"","overlay-color":"","overlay-opacity":"","overlay-gradient":""},"tablet":{"background-color":"","background-image":"","background-repeat":"repeat","background-position":"center center","background-size":"auto","background-attachment":"scroll","background-type":"","background-media":"","overlay-type":"","overlay-color":"","overlay-opacity":"","overlay-gradient":""},"mobile":{"background-color":"","background-image":"","background-repeat":"repeat","background-position":"center center","background-size":"auto","background-attachment":"scroll","background-type":"","background-media":"","overlay-type":"","overlay-color":"","overlay-opacity":"","overlay-gradient":""}},"ast-content-background-meta":{"desktop":{"background-color":"var(--ast-global-color-5)","background-image":"","background-repeat":"repeat","background-position":"center center","background-size":"auto","background-attachment":"scroll","background-type":"","background-media":"","overlay-type":"","overlay-color":"","overlay-opacity":"","overlay-gradient":""},"tablet":{"background-color":"var(--ast-global-color-5)","background-image":"","background-repeat":"repeat","background-position":"center center","background-size":"auto","background-attachment":"scroll","background-type":"","background-media":"","overlay-type":"","overlay-color":"","overlay-opacity":"","overlay-gradient":""},"mobile":{"background-color":"var(--ast-global-color-5)","background-image":"","background-repeat":"repeat","background-position":"center center","background-size":"auto","background-attachment":"scroll","background-type":"","background-media":"","overlay-type":"","overlay-color":"","overlay-opacity":"","overlay-gradient":""}}},"product_brand":[],"product_cat":[15],"product_tag":[],"class_list":{"0":"post-1599","1":"product","2":"type-product","3":"status-publish","4":"has-post-thumbnail","6":"product_cat-przynety","7":"desktop-align-left","8":"tablet-align-left","9":"mobile-align-left","11":"first","12":"instock","13":"shipping-taxable","14":"purchasable","15":"product-type-simple"},"_links":{"self":[{"href":"https:\/\/tritonlures.pl\/en\/wp-json\/wp\/v2\/product\/1599","targetHints":{"allow":["GET"]}}],"collection":[{"href":"https:\/\/tritonlures.pl\/en\/wp-json\/wp\/v2\/product"}],"about":[{"href":"https:\/\/tritonlures.pl\/en\/wp-json\/wp\/v2\/types\/product"}],"replies":[{"embeddable":true,"href":"https:\/\/tritonlures.pl\/en\/wp-json\/wp\/v2\/comments?post=1599"}],"version-history":[{"count":4,"href":"https:\/\/tritonlures.pl\/en\/wp-json\/wp\/v2\/product\/1599\/revisions"}],"predecessor-version":[{"id":1775,"href":"https:\/\/tritonlures.pl\/en\/wp-json\/wp\/v2\/product\/1599\/revisions\/1775"}],"wp:featuredmedia":[{"embeddable":true,"href":"https:\/\/tritonlures.pl\/en\/wp-json\/wp\/v2\/media\/1714"}],"wp:attachment":[{"href":"https:\/\/tritonlures.pl\/en\/wp-json\/wp\/v2\/media?parent=1599"}],"wp:term":[{"taxonomy":"product_brand","embeddable":true,"href":"https:\/\/tritonlures.pl\/en\/wp-json\/wp\/v2\/product_brand?post=1599"},{"taxonomy":"product_cat","embeddable":true,"href":"https:\/\/tritonlures.pl\/en\/wp-json\/wp\/v2\/product_cat?post=1599"},{"taxonomy":"product_tag","embeddable":true,"href":"https:\/\/tritonlures.pl\/en\/wp-json\/wp\/v2\/product_tag?post=1599"}],"curies":[{"name":"wp","href":"https:\/\/api.w.org\/{rel}","templated":true}]}}