{"id":1518,"date":"2025-06-18T11:16:36","date_gmt":"2025-06-18T09:16:36","guid":{"rendered":"https:\/\/tritonlures.pl\/?post_type=product&#038;p=1518"},"modified":"2025-12-23T10:47:21","modified_gmt":"2025-12-23T09:47:21","slug":"przyneta-triton-spike-8cm","status":"publish","type":"product","link":"https:\/\/tritonlures.pl\/en\/product\/przyneta-triton-spike-8cm\/","title":{"rendered":"TRITON SPIKE 8cm"},"content":{"rendered":"<h4><strong data-start=\"108\" data-end=\"145\">TRITON SPIKE 8cm<\/strong><\/h4>\n<h4>A stainless steel lure. Its larger size ensures effectiveness when targeting bigger fish species.<br \/>\nIt is most effective for catching fish such as pike, zander, salmon, and sea trout.<\/h4>\n<p>&nbsp;<\/p>\n<h4 data-start=\"540\" data-end=\"559\"><strong data-start=\"540\" data-end=\"559\">Product features:<\/strong><\/h4>\n<ul data-start=\"560\" data-end=\"783\">\n<li data-start=\"560\" data-end=\"578\">\n<h4 data-start=\"562\" data-end=\"578\">Length: 8 cm<\/h4>\n<\/li>\n<li data-start=\"560\" data-end=\"578\">\n<h4>Weight: 29 g<\/h4>\n<\/li>\n<li data-start=\"579\" data-end=\"624\">\n<h4 data-start=\"581\" data-end=\"624\">Damage- and corrosion-resistant stainless steel<\/h4>\n<\/li>\n<li data-start=\"625\" data-end=\"684\">\n<h4 data-start=\"627\" data-end=\"684\">Realistic shape and lifelike swimming action<\/h4>\n<\/li>\n<li data-start=\"685\" data-end=\"737\">\n<h4 data-start=\"687\" data-end=\"737\">Perfect choice for pike and zander fishing<\/h4>\n<\/li>\n<\/ul>\n<h4 data-start=\"785\" data-end=\"847\">Boost your fishing success with the TRITON Spike!<\/h4>","protected":false},"excerpt":{"rendered":"<p>Przyn\u0119ta TRITON SPIKE 8cm Przyn\u0119ta wykonana ze stali nierdzewnej. Wi\u0119kszy rozmiar zapewnia skuteczno\u015b\u0107 w po\u0142owie wi\u0119kszych gatunk\u00f3w ryb. Najwi\u0119ksz\u0105 skuteczno\u015b\u0107 wykazuje w po\u0142owie ryb takich jak &#8211; szczupaki, sandacze, trocie i \u0142ososie. &nbsp; Cechy produktu: D\u0142ugo\u015b\u0107: 8 cm Waga: 29 g Materia\u0142 odporny na uszkodzenia i korozj\u0119 &#8211; stal nierdzewna Realistyczny kszta\u0142t i ruch imituj\u0105cy [&hellip;]<\/p>","protected":false},"featured_media":1710,"comment_status":"open","ping_status":"closed","template":"","meta":{"site-sidebar-layout":"default","site-content-layout":"","ast-site-content-layout":"default","site-content-style":"default","site-sidebar-style":"default","ast-global-header-display":"","ast-banner-title-visibility":"","ast-main-header-display":"","ast-hfb-above-header-display":"","ast-hfb-below-header-display":"","ast-hfb-mobile-header-display":"","site-post-title":"","ast-breadcrumbs-content":"","ast-featured-img":"","footer-sml-layout":"","theme-transparent-header-meta":"default","adv-header-id-meta":"","stick-header-meta":"","header-above-stick-meta":"","header-main-stick-meta":"","header-below-stick-meta":"","astra-migrate-meta-layouts":"set","ast-page-background-enabled":"default","ast-page-background-meta":{"desktop":{"background-color":"var(--ast-global-color-4)","background-image":"","background-repeat":"repeat","background-position":"center center","background-size":"auto","background-attachment":"scroll","background-type":"","background-media":"","overlay-type":"","overlay-color":"","overlay-opacity":"","overlay-gradient":""},"tablet":{"background-color":"","background-image":"","background-repeat":"repeat","background-position":"center center","background-size":"auto","background-attachment":"scroll","background-type":"","background-media":"","overlay-type":"","overlay-color":"","overlay-opacity":"","overlay-gradient":""},"mobile":{"background-color":"","background-image":"","background-repeat":"repeat","background-position":"center center","background-size":"auto","background-attachment":"scroll","background-type":"","background-media":"","overlay-type":"","overlay-color":"","overlay-opacity":"","overlay-gradient":""}},"ast-content-background-meta":{"desktop":{"background-color":"var(--ast-global-color-5)","background-image":"","background-repeat":"repeat","background-position":"center center","background-size":"auto","background-attachment":"scroll","background-type":"","background-media":"","overlay-type":"","overlay-color":"","overlay-opacity":"","overlay-gradient":""},"tablet":{"background-color":"var(--ast-global-color-5)","background-image":"","background-repeat":"repeat","background-position":"center center","background-size":"auto","background-attachment":"scroll","background-type":"","background-media":"","overlay-type":"","overlay-color":"","overlay-opacity":"","overlay-gradient":""},"mobile":{"background-color":"var(--ast-global-color-5)","background-image":"","background-repeat":"repeat","background-position":"center center","background-size":"auto","background-attachment":"scroll","background-type":"","background-media":"","overlay-type":"","overlay-color":"","overlay-opacity":"","overlay-gradient":""}}},"product_brand":[],"product_cat":[15],"product_tag":[],"class_list":{"0":"post-1518","1":"product","2":"type-product","3":"status-publish","4":"has-post-thumbnail","6":"product_cat-przynety","7":"desktop-align-left","8":"tablet-align-left","9":"mobile-align-left","11":"first","12":"instock","13":"shipping-taxable","14":"purchasable","15":"product-type-simple"},"_links":{"self":[{"href":"https:\/\/tritonlures.pl\/en\/wp-json\/wp\/v2\/product\/1518","targetHints":{"allow":["GET"]}}],"collection":[{"href":"https:\/\/tritonlures.pl\/en\/wp-json\/wp\/v2\/product"}],"about":[{"href":"https:\/\/tritonlures.pl\/en\/wp-json\/wp\/v2\/types\/product"}],"replies":[{"embeddable":true,"href":"https:\/\/tritonlures.pl\/en\/wp-json\/wp\/v2\/comments?post=1518"}],"version-history":[{"count":6,"href":"https:\/\/tritonlures.pl\/en\/wp-json\/wp\/v2\/product\/1518\/revisions"}],"predecessor-version":[{"id":1828,"href":"https:\/\/tritonlures.pl\/en\/wp-json\/wp\/v2\/product\/1518\/revisions\/1828"}],"wp:featuredmedia":[{"embeddable":true,"href":"https:\/\/tritonlures.pl\/en\/wp-json\/wp\/v2\/media\/1710"}],"wp:attachment":[{"href":"https:\/\/tritonlures.pl\/en\/wp-json\/wp\/v2\/media?parent=1518"}],"wp:term":[{"taxonomy":"product_brand","embeddable":true,"href":"https:\/\/tritonlures.pl\/en\/wp-json\/wp\/v2\/product_brand?post=1518"},{"taxonomy":"product_cat","embeddable":true,"href":"https:\/\/tritonlures.pl\/en\/wp-json\/wp\/v2\/product_cat?post=1518"},{"taxonomy":"product_tag","embeddable":true,"href":"https:\/\/tritonlures.pl\/en\/wp-json\/wp\/v2\/product_tag?post=1518"}],"curies":[{"name":"wp","href":"https:\/\/api.w.org\/{rel}","templated":true}]}}