{"id":252,"date":"2025-05-09T15:16:56","date_gmt":"2025-05-09T13:16:56","guid":{"rendered":"http:\/\/tritonlures.pl\/about\/"},"modified":"2025-09-02T20:55:46","modified_gmt":"2025-09-02T18:55:46","slug":"about","status":"publish","type":"page","link":"https:\/\/tritonlures.pl\/en\/about\/","title":{"rendered":"About"},"content":{"rendered":"<div data-elementor-type=\"wp-page\" data-elementor-id=\"252\" class=\"elementor elementor-252\">\n\t\t\t\t<div class=\"elementor-element elementor-element-d98598e e-flex e-con-boxed e-con e-parent\" data-id=\"d98598e\" data-element_type=\"container\" data-settings=\"{&quot;background_background&quot;:&quot;classic&quot;}\">\n\t\t\t\t\t<div class=\"e-con-inner\">\n\t\t<div class=\"elementor-element elementor-element-8e35f02 e-con-full e-flex e-con e-child\" data-id=\"8e35f02\" data-element_type=\"container\">\n\t\t<div class=\"elementor-element elementor-element-dc8a5d1 e-con-full e-flex e-con e-child\" data-id=\"dc8a5d1\" data-element_type=\"container\">\n\t\t<div class=\"elementor-element elementor-element-456a062 e-con-full e-flex e-con e-child\" data-id=\"456a062\" data-element_type=\"container\">\n\t\t\t\t<div class=\"elementor-element elementor-element-2c153d6 elementor-widget elementor-widget-heading\" data-id=\"2c153d6\" data-element_type=\"widget\" data-widget_type=\"heading.default\">\n\t\t\t\t<div class=\"elementor-widget-container\">\n\t\t\t\t\t<h1 class=\"elementor-heading-title elementor-size-default\">About<\/h1>\t\t\t\t<\/div>\n\t\t\t\t<\/div>\n\t\t\t\t<\/div>\n\t\t<div class=\"elementor-element elementor-element-3fd0bca e-con-full e-flex e-con e-child\" data-id=\"3fd0bca\" data-element_type=\"container\">\n\t\t\t\t<div class=\"elementor-element elementor-element-4b0f8cb elementor-widget-divider--view-line elementor-widget elementor-widget-divider\" data-id=\"4b0f8cb\" data-element_type=\"widget\" data-widget_type=\"divider.default\">\n\t\t\t\t<div class=\"elementor-widget-container\">\n\t\t\t\t\t\t\t<div class=\"elementor-divider\">\n\t\t\t<span class=\"elementor-divider-separator\">\n\t\t\t\t\t\t<\/span>\n\t\t<\/div>\n\t\t\t\t\t\t<\/div>\n\t\t\t\t<\/div>\n\t\t\t\t<div class=\"elementor-element elementor-element-5d71d45 elementor-invisible elementor-widget elementor-widget-heading\" data-id=\"5d71d45\" data-element_type=\"widget\" data-settings=\"{&quot;_animation&quot;:&quot;fadeIn&quot;,&quot;_animation_delay&quot;:400}\" data-widget_type=\"heading.default\">\n\t\t\t\t<div class=\"elementor-widget-container\">\n\t\t\t\t\t<h3 class=\"elementor-heading-title elementor-size-default\">Our company was founded in 2025 out of a single, clear passion \u2014 creating spinning lures that combine top quality, durability, and precision performance.<\/h3>\t\t\t\t<\/div>\n\t\t\t\t<\/div>\n\t\t\t\t<div class=\"elementor-element elementor-element-b5f1814 elementor-invisible elementor-widget elementor-widget-text-editor\" data-id=\"b5f1814\" data-element_type=\"widget\" data-settings=\"{&quot;_animation&quot;:&quot;fadeIn&quot;,&quot;_animation_delay&quot;:800}\" data-widget_type=\"text-editor.default\">\n\t\t\t\t<div class=\"elementor-widget-container\">\n\t\t\t\t\t\t\t\t\t<h4>From the very beginning, our goal was to design a lure resistant to corrosion, effective in all conditions, and offering adjustable action \u2014 so that every angler could tailor it to their own needs and fishing style. Thanks to dedication, expertise, and extensive testing in real-world conditions, we developed a product that sets a new standard among spinning lures.\nWe believe that reliability, functionality, and attention to detail are the foundations of success on the water \u2014 and that is exactly what we offer our customers. We create lures you can trust.<\/h4>\t\t\t\t\t\t\t\t<\/div>\n\t\t\t\t<\/div>\n\t\t\t\t<\/div>\n\t\t\t\t<\/div>\n\t\t\t\t<div class=\"elementor-element elementor-element-3a07c3a elementor-invisible elementor-widget elementor-widget-video\" data-id=\"3a07c3a\" data-element_type=\"widget\" data-settings=\"{&quot;youtube_url&quot;:&quot;https:\\\/\\\/youtu.be\\\/nWweConV-Zo&quot;,&quot;lazy_load&quot;:&quot;yes&quot;,&quot;show_image_overlay&quot;:&quot;yes&quot;,&quot;image_overlay&quot;:{&quot;url&quot;:&quot;https:\\\/\\\/tritonlures.pl\\\/wp-content\\\/uploads\\\/2025\\\/08\\\/IMG_1865-scaled.jpg&quot;,&quot;id&quot;:1785,&quot;size&quot;:&quot;&quot;,&quot;alt&quot;:&quot;&quot;,&quot;source&quot;:&quot;library&quot;},&quot;_animation&quot;:&quot;fadeIn&quot;,&quot;_animation_delay&quot;:1200,&quot;video_type&quot;:&quot;youtube&quot;,&quot;controls&quot;:&quot;yes&quot;}\" data-widget_type=\"video.default\">\n\t\t\t\t<div class=\"elementor-widget-container\">\n\t\t\t\t\t\t\t<div class=\"elementor-wrapper elementor-open-inline\">\n\t\t\t<div class=\"elementor-video\"><\/div>\t\t\t\t<div class=\"elementor-custom-embed-image-overlay\" style=\"background-image: url(https:\/\/tritonlures.pl\/wp-content\/uploads\/2025\/08\/IMG_1865-scaled.jpg);\">\n\t\t\t\t\t\t\t\t\t\t\t\t\t\t\t\t<div class=\"elementor-custom-embed-play\" role=\"button\" aria-label=\"Play Video\" tabindex=\"0\" data-no-translation-aria-label=\"\">\n\t\t\t\t\t\t\t<svg aria-hidden=\"true\" class=\"e-font-icon-svg e-eicon-play\" viewbox=\"0 0 1000 1000\" xmlns=\"http:\/\/www.w3.org\/2000\/svg\"><path d=\"M838 162C746 71 633 25 500 25 371 25 258 71 163 162 71 254 25 367 25 500 25 633 71 746 163 837 254 929 367 979 500 979 633 979 746 933 838 837 929 746 975 633 975 500 975 367 929 254 838 162M808 192C892 279 933 379 933 500 933 621 892 725 808 808 725 892 621 938 500 938 379 938 279 896 196 808 113 725 67 621 67 500 67 379 108 279 196 192 279 108 383 62 500 62 621 62 721 108 808 192M438 392V642L642 517 438 392Z\"><\/path><\/svg>\t\t\t\t\t\t<\/div>\n\t\t\t\t\t\t\t\t\t<\/div>\n\t\t\t\t\t<\/div>\n\t\t\t\t\t\t<\/div>\n\t\t\t\t<\/div>\n\t\t<div class=\"elementor-element elementor-element-e4cd48d e-con-full e-flex e-con e-child\" data-id=\"e4cd48d\" data-element_type=\"container\">\n\t\t<div class=\"elementor-element elementor-element-2dd0a9e e-con-full e-flex e-con e-child\" data-id=\"2dd0a9e\" data-element_type=\"container\">\n\t\t\t\t<div class=\"elementor-element elementor-element-376e3df elementor-widget elementor-widget-heading\" data-id=\"376e3df\" data-element_type=\"widget\" data-widget_type=\"heading.default\">\n\t\t\t\t<div class=\"elementor-widget-container\">\n\t\t\t\t\t<h5 class=\"elementor-heading-title elementor-size-default\">Misja i wizja<\/h5>\t\t\t\t<\/div>\n\t\t\t\t<\/div>\n\t\t\t\t<\/div>\n\t\t<div class=\"elementor-element elementor-element-a9c5396 e-con-full e-flex e-con e-child\" data-id=\"a9c5396\" data-element_type=\"container\">\n\t\t\t\t<div class=\"elementor-element elementor-element-7167cdd elementor-invisible elementor-widget elementor-widget-text-editor\" data-id=\"7167cdd\" data-element_type=\"widget\" data-settings=\"{&quot;_animation&quot;:&quot;fadeIn&quot;,&quot;_animation_delay&quot;:400}\" data-widget_type=\"text-editor.default\">\n\t\t\t\t<div class=\"elementor-widget-container\">\n\t\t\t\t\t\t\t\t\t<h4><strong>MISSION<\/strong><\/h4><h4 data-pm-slice=\"1 1 []\">We believe fishing is more than just a hobby. Our mission is to deliver innovative, durable, and effective solutions for passionate anglers. We bring to the market stainless steel lures \u2014 a modern alternative to traditional materials, combining strength with performance.<\/h4>\t\t\t\t\t\t\t\t<\/div>\n\t\t\t\t<\/div>\n\t\t\t\t<div class=\"elementor-element elementor-element-fa697a4 elementor-invisible elementor-widget elementor-widget-text-editor\" data-id=\"fa697a4\" data-element_type=\"widget\" data-settings=\"{&quot;_animation&quot;:&quot;fadeIn&quot;,&quot;_animation_delay&quot;:400}\" data-widget_type=\"text-editor.default\">\n\t\t\t\t<div class=\"elementor-widget-container\">\n\t\t\t\t\t\t\t\t\t<h4><strong>VISION<br \/><\/strong><\/h4><h4 data-pm-slice=\"1 1 []\">Fishing deserves a fresh perspective. Our vision is to create a new standard with lures made from innovative materials \u2014 durable, effective, and resistant to any conditions. We strive to make our products the natural choice for demanding anglers.<\/h4>\t\t\t\t\t\t\t\t<\/div>\n\t\t\t\t<\/div>\n\t\t\t\t<\/div>\n\t\t\t\t<\/div>\n\t\t\t\t<div class=\"elementor-element elementor-element-47a50b3 gallery-spacing-custom elementor-invisible elementor-widget elementor-widget-image-gallery\" data-id=\"47a50b3\" data-element_type=\"widget\" data-settings=\"{&quot;_animation&quot;:&quot;fadeIn&quot;,&quot;_animation_delay&quot;:400}\" data-widget_type=\"image-gallery.default\">\n\t\t\t\t<div class=\"elementor-widget-container\">\n\t\t\t\t\t\t\t<div class=\"elementor-image-gallery\">\n\t\t\t<div id='gallery-1' class='gallery galleryid-252 gallery-columns-3 gallery-size-full'><figure class='gallery-item'>\n\t\t\t<div class='gallery-icon landscape'>\n\t\t\t\t<a data-elementor-open-lightbox=\"yes\" data-elementor-lightbox-slideshow=\"47a50b3\" data-e-action-hash=\"#elementor-action%3Aaction%3Dlightbox%26settings%3DeyJpZCI6MTYxOSwidXJsIjoiaHR0cHM6XC9cL3RyaXRvbmx1cmVzLnBsXC93cC1jb250ZW50XC91cGxvYWRzXC8yMDI1XC8wN1wvSU1HXzE1ODctc2NhbGVkLmpwZyIsInNsaWRlc2hvdyI6IjQ3YTUwYjMifQ%3D%3D\" href='https:\/\/tritonlures.pl\/wp-content\/uploads\/2025\/07\/IMG_1587-scaled.jpg'><img fetchpriority=\"high\" decoding=\"async\" width=\"2560\" height=\"1920\" src=\"https:\/\/tritonlures.pl\/wp-content\/uploads\/2025\/07\/IMG_1587-scaled.jpg\" class=\"attachment-full size-full\" alt=\"\" srcset=\"https:\/\/tritonlures.pl\/wp-content\/uploads\/2025\/07\/IMG_1587-scaled.jpg 2560w, https:\/\/tritonlures.pl\/wp-content\/uploads\/2025\/07\/IMG_1587-scaled-1200x900.jpg 1200w, https:\/\/tritonlures.pl\/wp-content\/uploads\/2025\/07\/IMG_1587-300x225.jpg 300w, https:\/\/tritonlures.pl\/wp-content\/uploads\/2025\/07\/IMG_1587-1024x768.jpg 1024w, https:\/\/tritonlures.pl\/wp-content\/uploads\/2025\/07\/IMG_1587-768x576.jpg 768w, https:\/\/tritonlures.pl\/wp-content\/uploads\/2025\/07\/IMG_1587-1536x1152.jpg 1536w, https:\/\/tritonlures.pl\/wp-content\/uploads\/2025\/07\/IMG_1587-2048x1536.jpg 2048w, https:\/\/tritonlures.pl\/wp-content\/uploads\/2025\/07\/IMG_1587-1320x990.jpg 1320w\" sizes=\"(max-width: 2560px) 100vw, 2560px\" \/><\/a>\n\t\t\t<\/div><\/figure><figure class='gallery-item'>\n\t\t\t<div class='gallery-icon landscape'>\n\t\t\t\t<a data-elementor-open-lightbox=\"yes\" data-elementor-lightbox-slideshow=\"47a50b3\" data-e-action-hash=\"#elementor-action%3Aaction%3Dlightbox%26settings%3DeyJpZCI6MTYwNywidXJsIjoiaHR0cHM6XC9cL3RyaXRvbmx1cmVzLnBsXC93cC1jb250ZW50XC91cGxvYWRzXC8yMDI1XC8wN1wvSU1HXzE1NTYtc2NhbGVkLmpwZyIsInNsaWRlc2hvdyI6IjQ3YTUwYjMifQ%3D%3D\" href='https:\/\/tritonlures.pl\/wp-content\/uploads\/2025\/07\/IMG_1556-scaled.jpg'><img decoding=\"async\" width=\"2560\" height=\"1920\" src=\"https:\/\/tritonlures.pl\/wp-content\/uploads\/2025\/07\/IMG_1556-scaled.jpg\" class=\"attachment-full size-full\" alt=\"\" srcset=\"https:\/\/tritonlures.pl\/wp-content\/uploads\/2025\/07\/IMG_1556-scaled.jpg 2560w, https:\/\/tritonlures.pl\/wp-content\/uploads\/2025\/07\/IMG_1556-scaled-1200x900.jpg 1200w, https:\/\/tritonlures.pl\/wp-content\/uploads\/2025\/07\/IMG_1556-300x225.jpg 300w, https:\/\/tritonlures.pl\/wp-content\/uploads\/2025\/07\/IMG_1556-1024x768.jpg 1024w, https:\/\/tritonlures.pl\/wp-content\/uploads\/2025\/07\/IMG_1556-768x576.jpg 768w, https:\/\/tritonlures.pl\/wp-content\/uploads\/2025\/07\/IMG_1556-1536x1152.jpg 1536w, https:\/\/tritonlures.pl\/wp-content\/uploads\/2025\/07\/IMG_1556-2048x1536.jpg 2048w, https:\/\/tritonlures.pl\/wp-content\/uploads\/2025\/07\/IMG_1556-1320x990.jpg 1320w\" sizes=\"(max-width: 2560px) 100vw, 2560px\" \/><\/a>\n\t\t\t<\/div><\/figure><figure class='gallery-item'>\n\t\t\t<div class='gallery-icon landscape'>\n\t\t\t\t<a data-elementor-open-lightbox=\"yes\" data-elementor-lightbox-slideshow=\"47a50b3\" data-e-action-hash=\"#elementor-action%3Aaction%3Dlightbox%26settings%3DeyJpZCI6MTYxNSwidXJsIjoiaHR0cHM6XC9cL3RyaXRvbmx1cmVzLnBsXC93cC1jb250ZW50XC91cGxvYWRzXC8yMDI1XC8wN1wvSU1HXzE1ODktc2NhbGVkLmpwZyIsInNsaWRlc2hvdyI6IjQ3YTUwYjMifQ%3D%3D\" href='https:\/\/tritonlures.pl\/wp-content\/uploads\/2025\/07\/IMG_1589-scaled.jpg'><img decoding=\"async\" width=\"2560\" height=\"1920\" src=\"https:\/\/tritonlures.pl\/wp-content\/uploads\/2025\/07\/IMG_1589-scaled.jpg\" class=\"attachment-full size-full\" alt=\"\" srcset=\"https:\/\/tritonlures.pl\/wp-content\/uploads\/2025\/07\/IMG_1589-scaled.jpg 2560w, https:\/\/tritonlures.pl\/wp-content\/uploads\/2025\/07\/IMG_1589-scaled-1200x900.jpg 1200w, https:\/\/tritonlures.pl\/wp-content\/uploads\/2025\/07\/IMG_1589-300x225.jpg 300w, https:\/\/tritonlures.pl\/wp-content\/uploads\/2025\/07\/IMG_1589-1024x768.jpg 1024w, https:\/\/tritonlures.pl\/wp-content\/uploads\/2025\/07\/IMG_1589-768x576.jpg 768w, https:\/\/tritonlures.pl\/wp-content\/uploads\/2025\/07\/IMG_1589-1536x1152.jpg 1536w, https:\/\/tritonlures.pl\/wp-content\/uploads\/2025\/07\/IMG_1589-2048x1536.jpg 2048w, https:\/\/tritonlures.pl\/wp-content\/uploads\/2025\/07\/IMG_1589-1320x990.jpg 1320w\" sizes=\"(max-width: 2560px) 100vw, 2560px\" \/><\/a>\n\t\t\t<\/div><\/figure><figure class='gallery-item'>\n\t\t\t<div class='gallery-icon landscape'>\n\t\t\t\t<a data-elementor-open-lightbox=\"yes\" data-elementor-lightbox-slideshow=\"47a50b3\" data-e-action-hash=\"#elementor-action%3Aaction%3Dlightbox%26settings%3DeyJpZCI6MTYyMywidXJsIjoiaHR0cHM6XC9cL3RyaXRvbmx1cmVzLnBsXC93cC1jb250ZW50XC91cGxvYWRzXC8yMDI1XC8wN1wvSU1HXzE1OTctc2NhbGVkLmpwZyIsInNsaWRlc2hvdyI6IjQ3YTUwYjMifQ%3D%3D\" href='https:\/\/tritonlures.pl\/wp-content\/uploads\/2025\/07\/IMG_1597-scaled.jpg'><img loading=\"lazy\" decoding=\"async\" width=\"2560\" height=\"1920\" src=\"https:\/\/tritonlures.pl\/wp-content\/uploads\/2025\/07\/IMG_1597-scaled.jpg\" class=\"attachment-full size-full\" alt=\"\" srcset=\"https:\/\/tritonlures.pl\/wp-content\/uploads\/2025\/07\/IMG_1597-scaled.jpg 2560w, https:\/\/tritonlures.pl\/wp-content\/uploads\/2025\/07\/IMG_1597-scaled-1200x900.jpg 1200w, https:\/\/tritonlures.pl\/wp-content\/uploads\/2025\/07\/IMG_1597-300x225.jpg 300w, https:\/\/tritonlures.pl\/wp-content\/uploads\/2025\/07\/IMG_1597-1024x768.jpg 1024w, https:\/\/tritonlures.pl\/wp-content\/uploads\/2025\/07\/IMG_1597-768x576.jpg 768w, https:\/\/tritonlures.pl\/wp-content\/uploads\/2025\/07\/IMG_1597-1536x1152.jpg 1536w, https:\/\/tritonlures.pl\/wp-content\/uploads\/2025\/07\/IMG_1597-2048x1536.jpg 2048w, https:\/\/tritonlures.pl\/wp-content\/uploads\/2025\/07\/IMG_1597-1320x990.jpg 1320w\" sizes=\"(max-width: 2560px) 100vw, 2560px\" \/><\/a>\n\t\t\t<\/div><\/figure><figure class='gallery-item'>\n\t\t\t<div class='gallery-icon landscape'>\n\t\t\t\t<a data-elementor-open-lightbox=\"yes\" data-elementor-lightbox-slideshow=\"47a50b3\" data-e-action-hash=\"#elementor-action%3Aaction%3Dlightbox%26settings%3DeyJpZCI6MTYxNywidXJsIjoiaHR0cHM6XC9cL3RyaXRvbmx1cmVzLnBsXC93cC1jb250ZW50XC91cGxvYWRzXC8yMDI1XC8wN1wvSU1HXzE1ODQtc2NhbGVkLmpwZyIsInNsaWRlc2hvdyI6IjQ3YTUwYjMifQ%3D%3D\" href='https:\/\/tritonlures.pl\/wp-content\/uploads\/2025\/07\/IMG_1584-scaled.jpg'><img loading=\"lazy\" decoding=\"async\" width=\"2560\" height=\"1920\" src=\"https:\/\/tritonlures.pl\/wp-content\/uploads\/2025\/07\/IMG_1584-scaled.jpg\" class=\"attachment-full size-full\" alt=\"\" srcset=\"https:\/\/tritonlures.pl\/wp-content\/uploads\/2025\/07\/IMG_1584-scaled.jpg 2560w, https:\/\/tritonlures.pl\/wp-content\/uploads\/2025\/07\/IMG_1584-scaled-1200x900.jpg 1200w, https:\/\/tritonlures.pl\/wp-content\/uploads\/2025\/07\/IMG_1584-300x225.jpg 300w, https:\/\/tritonlures.pl\/wp-content\/uploads\/2025\/07\/IMG_1584-1024x768.jpg 1024w, https:\/\/tritonlures.pl\/wp-content\/uploads\/2025\/07\/IMG_1584-768x576.jpg 768w, https:\/\/tritonlures.pl\/wp-content\/uploads\/2025\/07\/IMG_1584-1536x1152.jpg 1536w, https:\/\/tritonlures.pl\/wp-content\/uploads\/2025\/07\/IMG_1584-2048x1536.jpg 2048w, https:\/\/tritonlures.pl\/wp-content\/uploads\/2025\/07\/IMG_1584-1320x990.jpg 1320w\" sizes=\"(max-width: 2560px) 100vw, 2560px\" \/><\/a>\n\t\t\t<\/div><\/figure><figure class='gallery-item'>\n\t\t\t<div class='gallery-icon landscape'>\n\t\t\t\t<a data-elementor-open-lightbox=\"yes\" data-elementor-lightbox-slideshow=\"47a50b3\" data-e-action-hash=\"#elementor-action%3Aaction%3Dlightbox%26settings%3DeyJpZCI6MTYxMSwidXJsIjoiaHR0cHM6XC9cL3RyaXRvbmx1cmVzLnBsXC93cC1jb250ZW50XC91cGxvYWRzXC8yMDI1XC8wN1wvSU1HXzE1NjAtc2NhbGVkLmpwZyIsInNsaWRlc2hvdyI6IjQ3YTUwYjMifQ%3D%3D\" href='https:\/\/tritonlures.pl\/wp-content\/uploads\/2025\/07\/IMG_1560-scaled.jpg'><img loading=\"lazy\" decoding=\"async\" width=\"2560\" height=\"1920\" src=\"https:\/\/tritonlures.pl\/wp-content\/uploads\/2025\/07\/IMG_1560-scaled.jpg\" class=\"attachment-full size-full\" alt=\"\" srcset=\"https:\/\/tritonlures.pl\/wp-content\/uploads\/2025\/07\/IMG_1560-scaled.jpg 2560w, https:\/\/tritonlures.pl\/wp-content\/uploads\/2025\/07\/IMG_1560-scaled-1200x900.jpg 1200w, https:\/\/tritonlures.pl\/wp-content\/uploads\/2025\/07\/IMG_1560-300x225.jpg 300w, https:\/\/tritonlures.pl\/wp-content\/uploads\/2025\/07\/IMG_1560-1024x768.jpg 1024w, https:\/\/tritonlures.pl\/wp-content\/uploads\/2025\/07\/IMG_1560-768x576.jpg 768w, https:\/\/tritonlures.pl\/wp-content\/uploads\/2025\/07\/IMG_1560-1536x1152.jpg 1536w, https:\/\/tritonlures.pl\/wp-content\/uploads\/2025\/07\/IMG_1560-2048x1536.jpg 2048w, https:\/\/tritonlures.pl\/wp-content\/uploads\/2025\/07\/IMG_1560-1320x990.jpg 1320w\" sizes=\"(max-width: 2560px) 100vw, 2560px\" \/><\/a>\n\t\t\t<\/div><\/figure>\n\t\t<\/div>\n\t\t<\/div>\n\t\t\t\t\t\t<\/div>\n\t\t\t\t<\/div>\n\t\t\t\t<\/div>\n\t\t\t\t\t<\/div>\n\t\t\t\t<\/div>\n\t\t\t\t<\/div>","protected":false},"excerpt":{"rendered":"<p>O nas Nasza firma powsta\u0142a w 2025 roku z jednej, konkretnej pasji \u2014 tworzenia przyn\u0119t spinningowych, kt\u00f3re \u0142\u0105cz\u0105 w sobie najwy\u017csz\u0105 jako\u015b\u0107, trwa\u0142o\u015b\u0107 i precyzj\u0119 dzia\u0142ania. Od pocz\u0105tku naszym celem by\u0142o opracowanie przyn\u0119ty odpornej na korozj\u0119, doskonale pracuj\u0105cej w ka\u017cdych warunkach oraz oferuj\u0105cej mo\u017cliwo\u015b\u0107 regulacji pracy \u2014 tak, aby ka\u017cdy w\u0119dkarz m\u00f3g\u0142 dostosowa\u0107 j\u0105 do [&hellip;]<\/p>","protected":false},"author":1,"featured_media":0,"parent":0,"menu_order":0,"comment_status":"closed","ping_status":"closed","template":"","meta":{"site-sidebar-layout":"no-sidebar","site-content-layout":"page-builder","ast-site-content-layout":"","site-content-style":"default","site-sidebar-style":"default","ast-global-header-display":"","ast-banner-title-visibility":"","ast-main-header-display":"","ast-hfb-above-header-display":"","ast-hfb-below-header-display":"","ast-hfb-mobile-header-display":"","site-post-title":"disabled","ast-breadcrumbs-content":"disabled","ast-featured-img":"disabled","footer-sml-layout":"","theme-transparent-header-meta":"default","adv-header-id-meta":"","stick-header-meta":"","header-above-stick-meta":"","header-main-stick-meta":"","header-below-stick-meta":"","astra-migrate-meta-layouts":"default","ast-page-background-enabled":"default","ast-page-background-meta":{"desktop":{"background-color":"var(--ast-global-color-4)","background-image":"","background-repeat":"repeat","background-position":"center center","background-size":"auto","background-attachment":"scroll","background-type":"","background-media":"","overlay-type":"","overlay-color":"","overlay-opacity":"","overlay-gradient":""},"tablet":{"background-color":"","background-image":"","background-repeat":"repeat","background-position":"center center","background-size":"auto","background-attachment":"scroll","background-type":"","background-media":"","overlay-type":"","overlay-color":"","overlay-opacity":"","overlay-gradient":""},"mobile":{"background-color":"","background-image":"","background-repeat":"repeat","background-position":"center center","background-size":"auto","background-attachment":"scroll","background-type":"","background-media":"","overlay-type":"","overlay-color":"","overlay-opacity":"","overlay-gradient":""}},"ast-content-background-meta":{"desktop":{"background-color":"var(--ast-global-color-5)","background-image":"","background-repeat":"repeat","background-position":"center center","background-size":"auto","background-attachment":"scroll","background-type":"","background-media":"","overlay-type":"","overlay-color":"","overlay-opacity":"","overlay-gradient":""},"tablet":{"background-color":"var(--ast-global-color-5)","background-image":"","background-repeat":"repeat","background-position":"center center","background-size":"auto","background-attachment":"scroll","background-type":"","background-media":"","overlay-type":"","overlay-color":"","overlay-opacity":"","overlay-gradient":""},"mobile":{"background-color":"var(--ast-global-color-5)","background-image":"","background-repeat":"repeat","background-position":"center center","background-size":"auto","background-attachment":"scroll","background-type":"","background-media":"","overlay-type":"","overlay-color":"","overlay-opacity":"","overlay-gradient":""}},"footnotes":""},"class_list":["post-252","page","type-page","status-publish","hentry"],"_links":{"self":[{"href":"https:\/\/tritonlures.pl\/en\/wp-json\/wp\/v2\/pages\/252","targetHints":{"allow":["GET"]}}],"collection":[{"href":"https:\/\/tritonlures.pl\/en\/wp-json\/wp\/v2\/pages"}],"about":[{"href":"https:\/\/tritonlures.pl\/en\/wp-json\/wp\/v2\/types\/page"}],"author":[{"embeddable":true,"href":"https:\/\/tritonlures.pl\/en\/wp-json\/wp\/v2\/users\/1"}],"replies":[{"embeddable":true,"href":"https:\/\/tritonlures.pl\/en\/wp-json\/wp\/v2\/comments?post=252"}],"version-history":[{"count":30,"href":"https:\/\/tritonlures.pl\/en\/wp-json\/wp\/v2\/pages\/252\/revisions"}],"predecessor-version":[{"id":1814,"href":"https:\/\/tritonlures.pl\/en\/wp-json\/wp\/v2\/pages\/252\/revisions\/1814"}],"wp:attachment":[{"href":"https:\/\/tritonlures.pl\/en\/wp-json\/wp\/v2\/media?parent=252"}],"curies":[{"name":"wp","href":"https:\/\/api.w.org\/{rel}","templated":true}]}}